{"id":184,"date":"2025-12-06T15:03:45","date_gmt":"2025-12-06T15:03:45","guid":{"rendered":"https:\/\/familywealth.li\/home\/"},"modified":"2025-12-15T20:54:22","modified_gmt":"2025-12-15T20:54:22","slug":"home","status":"publish","type":"page","link":"https:\/\/familywealth.li\/de\/","title":{"rendered":"Home"},"content":{"rendered":"<p>[et_pb_section fb_built=&#8220;1&#8243; admin_label=&#8220;Header&#8220; _builder_version=&#8220;4.27.5&#8243; _module_preset=&#8220;72a9e571-c12d-4bc8-b15a-dc22c71f0014&#8243; background_image=&#8220;https:\/\/familywealth.li\/wp-content\/uploads\/2025\/12\/FWFL_Background_Home-1.png&#8220; parallax=&#8220;on&#8220; min_height=&#8220;506.7px&#8220; custom_padding=&#8220;0vw||0vw||true|false&#8220; hover_enabled=&#8220;0&#8243; collapsed=&#8220;on&#8220; global_colors_info=&#8220;{}&#8220; sticky_enabled=&#8220;0&#8243;][et_pb_row _builder_version=&#8220;4.27.5&#8243; _module_preset=&#8220;default&#8220; min_height=&#8220;499.5px&#8220; custom_padding=&#8220;100px||0px|||&#8220; global_colors_info=&#8220;{}&#8220;][et_pb_column type=&#8220;4_4&#8243; _builder_version=&#8220;4.27.5&#8243; _module_preset=&#8220;default&#8220; global_colors_info=&#8220;{}&#8220;][et_pb_heading title=&#8220;Verm\u00f6gen sch\u00fctzen. Zukunft gestalten.&#8220; _builder_version=&#8220;4.27.5&#8243; _module_preset=&#8220;d8c9cbcd-3a1a-4552-a3e9-dfa844d5fbde&#8220; title_level=&#8220;h2&#8243; title_text_align=&#8220;center&#8220; title_text_color=&#8220;#FFFFFF&#8220; title_font_size=&#8220;44px&#8220; custom_margin=&#8220;||10px||false|false&#8220; global_colors_info=&#8220;{}&#8220;][\/et_pb_heading][et_pb_heading title=&#8220;Fachwissen und Fakten f\u00fcr Entscheider: Aktuelles zu Recht, Steuern, Strukturierung und Anlage-Themen. &#8220; _builder_version=&#8220;4.27.5&#8243; _module_preset=&#8220;c2f2d9f8-2dec-48e4-acb1-6f81252b9da1&#8243; title_font=&#8220;Adamina||||||||&#8220; title_text_align=&#8220;center&#8220; title_text_color=&#8220;#FFFFFF&#8220; max_width=&#8220;800px&#8220; module_alignment=&#8220;center&#8220; global_colors_info=&#8220;{}&#8220;][\/et_pb_heading][et_pb_image src=&#8220;https:\/\/familywealth.li\/wp-content\/uploads\/2025\/12\/Coming-Soon-Tagline.png&#8220; _builder_version=&#8220;4.27.5&#8243; _module_preset=&#8220;default&#8220; title_text=&#8220;Coming Soon Tagline&#8220; width=&#8220;44%&#8220; align=&#8220;center&#8220; hover_enabled=&#8220;0&#8243; sticky_enabled=&#8220;0&#8243;][\/et_pb_image][\/et_pb_column][\/et_pb_row][\/et_pb_section][et_pb_section fb_built=&#8220;1&#8243; admin_label=&#8220;Call to Action&#8220; _builder_version=&#8220;4.27.4&#8243; _module_preset=&#8220;default&#8220; min_height=&#8220;83.2px&#8220; custom_margin=&#8220;-34px|||||&#8220; custom_padding=&#8220;0px||0px||true|false&#8220; collapsed=&#8220;on&#8220; global_colors_info=&#8220;{}&#8220;][et_pb_row column_structure=&#8220;1_2,1_2&#8243; use_custom_gutter=&#8220;on&#8220; gutter_width=&#8220;1&#8243; make_equal=&#8220;on&#8220; _builder_version=&#8220;4.27.5&#8243; _module_preset=&#8220;default&#8220; width=&#8220;100%&#8220; max_width=&#8220;3000px&#8220; min_height=&#8220;71.2px&#8220; custom_padding=&#8220;0px||0px||true|false&#8220; global_colors_info=&#8220;{}&#8220;][et_pb_column type=&#8220;1_2&#8243; _builder_version=&#8220;4.27.5&#8243; _module_preset=&#8220;default&#8220; global_colors_info=&#8220;{}&#8220;][et_pb_heading title=&#8220;Werden Sie Teil der Community&#8220; url=&#8220;#&#8220; _builder_version=&#8220;4.27.4&#8243; _module_preset=&#8220;c2f2d9f8-2dec-48e4-acb1-6f81252b9da1&#8243; title_text_align=&#8220;center&#8220; background_color=&#8220;gcid-secondary-color&#8220; min_height=&#8220;70.2px&#8220; custom_margin=&#8220;0px|||||&#8220; custom_padding=&#8220;30px|60px|30px|60px|true|true&#8220; global_colors_info=&#8220;{%22gcid-secondary-color%22:%91%22background_color%22%93}&#8220; background__hover_enabled=&#8220;on|desktop&#8220; background_color__hover=&#8220;#000000&#8243; background_enable_color__hover=&#8220;on&#8220; title_text_color__hover_enabled=&#8220;on|desktop&#8220; title_text_color__hover=&#8220;#FFFFFF&#8220;][\/et_pb_heading][\/et_pb_column][et_pb_column type=&#8220;1_2&#8243; _builder_version=&#8220;4.27.4&#8243; _module_preset=&#8220;default&#8220; global_colors_info=&#8220;{}&#8220;][et_pb_heading title=&#8220;Bestellen Sie den \u00abFamily Wealth Guide\u00bb&#8220; url=&#8220;#&#8220; _builder_version=&#8220;4.27.4&#8243; _module_preset=&#8220;c2f2d9f8-2dec-48e4-acb1-6f81252b9da1&#8243; title_text_align=&#8220;center&#8220; background_color=&#8220;gcid-d549868f-500d-4ec6-a52e-f21a4c3269cd&#8220; min_height=&#8220;98.2px&#8220; custom_margin=&#8220;0px|||||&#8220; custom_padding=&#8220;30px|60px|30px|60px|true|true&#8220; locked=&#8220;off&#8220; global_colors_info=&#8220;{%22gcid-d549868f-500d-4ec6-a52e-f21a4c3269cd%22:%91%22background_color%22%93}&#8220; background__hover_enabled=&#8220;on|hover&#8220; background_color__hover=&#8220;#FFFFFF&#8220; background_enable_color__hover=&#8220;on&#8220; title_text_color__hover_enabled=&#8220;off|hover&#8220; title_text_color__hover=&#8220;#FFFFFF&#8220;][\/et_pb_heading][\/et_pb_column][\/et_pb_row][\/et_pb_section][et_pb_section fb_built=&#8220;1&#8243; admin_label=&#8220;Features&#8220; _builder_version=&#8220;4.27.4&#8243; _module_preset=&#8220;1af20bf0-4b27-43d8-849f-a788f7fe4d55&#8243; collapsed=&#8220;on&#8220; global_colors_info=&#8220;{}&#8220;][et_pb_row column_structure=&#8220;3_4,1_4&#8243; _builder_version=&#8220;4.27.4&#8243; _module_preset=&#8220;default&#8220; min_height=&#8220;163.6px&#8220; custom_margin=&#8220;|auto|-5px|auto||&#8220; global_colors_info=&#8220;{}&#8220;][et_pb_column type=&#8220;3_4&#8243; _builder_version=&#8220;4.27.4&#8243; _module_preset=&#8220;default&#8220; global_colors_info=&#8220;{}&#8220;][et_pb_heading title=&#8220;Liechtensteins erstklassige Qualit\u00e4ten auf einen Blick:&#8220; _builder_version=&#8220;4.27.4&#8243; _module_preset=&#8220;085aec45-180d-4fdf-8701-78bca8c8cc7b&#8220; title_text_color=&#8220;gcid-d549868f-500d-4ec6-a52e-f21a4c3269cd&#8220; min_height=&#8220;109.6px&#8220; global_colors_info=&#8220;{%22gcid-d549868f-500d-4ec6-a52e-f21a4c3269cd%22:%91%22title_text_color%22%93}&#8220;][\/et_pb_heading][\/et_pb_column][et_pb_column type=&#8220;1_4&#8243; _builder_version=&#8220;4.27.4&#8243; _module_preset=&#8220;default&#8220; global_colors_info=&#8220;{}&#8220;][et_pb_image src=&#8220;https:\/\/familywealth.li\/wp-content\/uploads\/2025\/12\/Vertraute-Erstklassigkeit-Liechtenstein-1926-Claim-DE.png&#8220; title_text=&#8220;Vertraute Erstklassigkeit Liechtenstein 1926 Claim DE&#8220; _builder_version=&#8220;4.27.5&#8243; _module_preset=&#8220;default&#8220; transform_scale=&#8220;110%|110%&#8220; width=&#8220;100%&#8220; custom_margin=&#8220;15px||||false|false&#8220; custom_padding=&#8220;||||false|false&#8220; global_colors_info=&#8220;{}&#8220;][\/et_pb_image][\/et_pb_column][\/et_pb_row][et_pb_row column_structure=&#8220;1_4,1_4,1_4,1_4&#8243; use_custom_gutter=&#8220;on&#8220; gutter_width=&#8220;2&#8243; make_equal=&#8220;on&#8220; _builder_version=&#8220;4.27.5&#8243; _module_preset=&#8220;default&#8220; min_height=&#8220;510.5px&#8220; global_colors_info=&#8220;{}&#8220;][et_pb_column type=&#8220;1_4&#8243; _builder_version=&#8220;4.27.4&#8243; _module_preset=&#8220;b4e3ca44-5781-4cf6-90c5-fd0169f21ea0&#8243; custom_padding=&#8220;30px|30px|30px|30px|true|true&#8220; border_color_all=&#8220;gcid-d549868f-500d-4ec6-a52e-f21a4c3269cd&#8220; global_colors_info=&#8220;{%22gcid-d549868f-500d-4ec6-a52e-f21a4c3269cd%22:%91%22border_color_all%22%93}&#8220;][et_pb_blurb title=&#8220;AAA-Bewertete Stabilit\u00e4t&#8220; icon_placement=&#8220;top&#8220; image_icon_width=&#8220;15px&#8220; _builder_version=&#8220;4.27.5&#8243; _module_preset=&#8220;6043e1eb-91d7-4f1c-b780-8071588f2168&#8243; body_font=&#8220;Adamina||||||||&#8220; global_colors_info=&#8220;{}&#8220;]<\/p>\n<p>Als eine der finanziell stabilsten Jurisdiktionen der Welt vereint Liechtenstein politische Kontinuit\u00e4t, eine konservative Finanzpolitik und eine widerstandsf\u00e4hige Wirtschaft \u2013 und gew\u00e4hrleistet so ein sicheres Zuhause f\u00fcr anspruchsvolle Verm\u00f6gensstrategien.<\/p>\n<p>[\/et_pb_blurb][\/et_pb_column][et_pb_column type=&#8220;1_4&#8243; _builder_version=&#8220;4.27.4&#8243; _module_preset=&#8220;b4e3ca44-5781-4cf6-90c5-fd0169f21ea0&#8243; custom_padding=&#8220;30px|30px|30px|30px|true|true&#8220; border_color_all=&#8220;gcid-d549868f-500d-4ec6-a52e-f21a4c3269cd&#8220; global_colors_info=&#8220;{%22gcid-d549868f-500d-4ec6-a52e-f21a4c3269cd%22:%91%22border_color_all%22,%22border_color_all%22%93}&#8220;][et_pb_blurb title=&#8220;Solider Verm\u00f6gensschutz&#8220; icon_placement=&#8220;top&#8220; image_icon_width=&#8220;15px&#8220; _builder_version=&#8220;4.27.5&#8243; _module_preset=&#8220;6043e1eb-91d7-4f1c-b780-8071588f2168&#8243; body_font=&#8220;Adamina||||||||&#8220; global_colors_info=&#8220;{}&#8220;]<\/p>\n<p>Liechtenstein bietet einige der st\u00e4rksten Rechtsrahmen f\u00fcr die Sicherung globalen Verm\u00f6gens. Seine robusten Trust- und Stiftungsstrukturen bieten langfristigen Schutz, Privatsph\u00e4re und Sicherheit \u00fcber Generationen hinweg.<\/p>\n<p>[\/et_pb_blurb][\/et_pb_column][et_pb_column type=&#8220;1_4&#8243; _builder_version=&#8220;4.27.4&#8243; _module_preset=&#8220;b4e3ca44-5781-4cf6-90c5-fd0169f21ea0&#8243; custom_padding=&#8220;30px|30px|30px|30px|true|true&#8220; border_color_all=&#8220;gcid-d549868f-500d-4ec6-a52e-f21a4c3269cd&#8220; global_colors_info=&#8220;{%22gcid-d549868f-500d-4ec6-a52e-f21a4c3269cd%22:%91%22border_color_all%22,%22border_color_all%22%93}&#8220;][et_pb_blurb title=&#8220;100 % massgeschneidert&#8220; icon_placement=&#8220;top&#8220; image_icon_width=&#8220;15px&#8220; _builder_version=&#8220;4.27.5&#8243; _module_preset=&#8220;6043e1eb-91d7-4f1c-b780-8071588f2168&#8243; body_font=&#8220;Adamina||||||||&#8220; global_colors_info=&#8220;{}&#8220;]<\/p>\n<p>Von Stiftungen \u00fcber Trusts bis hin zu privaten Verm\u00f6gensstrukturen \u2013 Liechtensteins rechtlicher Werkzeugkasten erm\u00f6glicht hochgradig massgeschneiderte L\u00f6sungen. Anleger profitieren von flexiblen, kundenorientierten Designs, die f\u00fcr Nachfolge, Governance und globale Planung optimiert sind.<\/p>\n<p>[\/et_pb_blurb][\/et_pb_column][et_pb_column type=&#8220;1_4&#8243; _builder_version=&#8220;4.27.4&#8243; _module_preset=&#8220;b4e3ca44-5781-4cf6-90c5-fd0169f21ea0&#8243; custom_padding=&#8220;30px|30px|30px|30px|true|true&#8220; border_color_all=&#8220;gcid-d549868f-500d-4ec6-a52e-f21a4c3269cd&#8220; global_colors_info=&#8220;{%22gcid-d549868f-500d-4ec6-a52e-f21a4c3269cd%22:%91%22border_color_all%22,%22border_color_all%22%93}&#8220;][et_pb_blurb title=&#8220;Global vernetzt&#8220; icon_placement=&#8220;top&#8220; image_icon_width=&#8220;15px&#8220; _builder_version=&#8220;4.27.5&#8243; _module_preset=&#8220;6043e1eb-91d7-4f1c-b780-8071588f2168&#8243; body_font=&#8220;Adamina||||||||&#8220; global_colors_info=&#8220;{}&#8220;]<\/p>\n<p>Liechtenstein verf\u00fcgt \u00fcber eine un\u00fcbertroffene Konnektivit\u00e4t: eine Zoll- und Patentunion mit der Schweiz und die Vollmitgliedschaft im Europ\u00e4ischen Wirtschaftsraum (EWR) und der Europ\u00e4ischen Freihandelsassoziation (EFTA). Dies erm\u00f6glicht einen nahtlosen Zugang sowohl zum Schweizer als auch zum gesamteurop\u00e4ischen Markt.<\/p>\n<p>[\/et_pb_blurb][\/et_pb_column][\/et_pb_row][\/et_pb_section][et_pb_section fb_built=&#8220;1&#8243; admin_label=&#8220;About&#8220; _builder_version=&#8220;4.27.5&#8243; _module_preset=&#8220;default&#8220; min_height=&#8220;541.3px&#8220; custom_margin=&#8220;||22px|||&#8220; custom_padding=&#8220;||30px|||&#8220; collapsed=&#8220;on&#8220; global_colors_info=&#8220;{}&#8220;][et_pb_row column_structure=&#8220;1_2,1_2&#8243; _builder_version=&#8220;4.27.4&#8243; _module_preset=&#8220;default&#8220; custom_padding=&#8220;||8px|||&#8220; global_colors_info=&#8220;{}&#8220;][et_pb_column type=&#8220;1_2&#8243; _builder_version=&#8220;4.27.4&#8243; _module_preset=&#8220;default&#8220; global_colors_info=&#8220;{}&#8220;][et_pb_image src=&#8220;https:\/\/familywealth.li\/wp-content\/uploads\/2025\/12\/Liechtenstein-Drone1-scaled.webp&#8220; title_text=&#8220;Liechtenstein-Drone1&#8243; _builder_version=&#8220;4.27.5&#8243; _module_preset=&#8220;default&#8220; width=&#8220;100%&#8220; min_height=&#8220;364px&#8220; custom_margin=&#8220;||39px|||&#8220; custom_padding=&#8220;||28px|||&#8220; global_colors_info=&#8220;{}&#8220;][\/et_pb_image][\/et_pb_column][et_pb_column type=&#8220;1_2&#8243; _builder_version=&#8220;4.27.4&#8243; _module_preset=&#8220;default&#8220; custom_padding=&#8220;60px||||false|false&#8220; custom_padding_tablet=&#8220;0px||||false|false&#8220; custom_padding_phone=&#8220;0px||||false|false&#8220; custom_padding_last_edited=&#8220;on|tablet&#8220; global_colors_info=&#8220;{}&#8220;][et_pb_heading title=&#8220;Wir bringen anspruchsvolle Investoren mit f\u00fchrenden Asset Protection Experten zusammen.&#8220; _builder_version=&#8220;4.27.4&#8243; _module_preset=&#8220;085aec45-180d-4fdf-8701-78bca8c8cc7b&#8220; custom_margin=&#8220;-56px||-56px||true|false&#8220; global_colors_info=&#8220;{}&#8220;][\/et_pb_heading][et_pb_text _builder_version=&#8220;4.27.4&#8243; _module_preset=&#8220;b4b62dc9-a434-4181-a0c6-79d0cb69f2ce&#8220; custom_margin=&#8220;35px|||||&#8220; custom_padding=&#8220;25px|||||&#8220; global_colors_info=&#8220;{}&#8220;]<\/p>\n<p>Wir informieren verm\u00f6gende Privatpersonen umfassend und bieten die direkte Vernetzung mit den f\u00fchrenden Fachpersonen \u2013 lokale Experten, die mit Best Practice in den Bereichen Treuhand, Recht und Steuern sowie Verm\u00f6gens-Management vertratut sind. Erhalten Sie Zugang zu massgeschneiderten Strategien, fundiertem Fachwissen \u00fcber Jurisdiktionen und einem auf Stabili\u00e4t und finanzieller Nachhaltigkeit ausgerichteten Ansatz. Ihr Verm\u00f6gen soll \u00fcber Generationen hinweg ertragreich wachsengesch\u00fctzt sein.<\/p>\n<p>[\/et_pb_text][\/et_pb_column][\/et_pb_row][\/et_pb_section][et_pb_section fb_built=&#8220;1&#8243; admin_label=&#8220;Events&#8220; _builder_version=&#8220;4.27.4&#8243; _module_preset=&#8220;default&#8220; min_height=&#8220;849.9px&#8220; collapsed=&#8220;on&#8220; global_colors_info=&#8220;{}&#8220;][et_pb_row _builder_version=&#8220;4.27.4&#8243; _module_preset=&#8220;default&#8220; global_colors_info=&#8220;{}&#8220;][et_pb_column type=&#8220;4_4&#8243; _builder_version=&#8220;4.27.4&#8243; _module_preset=&#8220;default&#8220; global_colors_info=&#8220;{}&#8220;][et_pb_heading title=&#8220;Solide Optionen \u2013 massgeschneidert f\u00fcr Sie.&#8220; _builder_version=&#8220;4.27.4&#8243; _module_preset=&#8220;085aec45-180d-4fdf-8701-78bca8c8cc7b&#8220; custom_margin=&#8220;||10px||false|false&#8220; global_colors_info=&#8220;{}&#8220;][\/et_pb_heading][\/et_pb_column][\/et_pb_row][et_pb_row column_structure=&#8220;1_4,1_2,1_4&#8243; use_custom_gutter=&#8220;on&#8220; gutter_width=&#8220;2&#8243; _builder_version=&#8220;4.27.4&#8243; _module_preset=&#8220;cbbeacc2-8b71-4267-b3fa-18d088af429b&#8220; custom_margin=&#8220;||30px||false|false&#8220; custom_padding=&#8220;40px|30px|40px|30px|true|true&#8220; border_color_all=&#8220;gcid-beb2c95b-3a59-4769-93ca-ebc39d60c20d&#8220; global_colors_info=&#8220;{%22gcid-beb2c95b-3a59-4769-93ca-ebc39d60c20d%22:%91%22border_color_all%22,%22border_color_all%22%93}&#8220;][et_pb_column type=&#8220;1_4&#8243; _builder_version=&#8220;4.27.4&#8243; _module_preset=&#8220;default&#8220; global_colors_info=&#8220;{}&#8220;][et_pb_heading title=&#8220;Stiftungen&#8220; _builder_version=&#8220;4.27.5&#8243; _module_preset=&#8220;c2f2d9f8-2dec-48e4-acb1-6f81252b9da1&#8243; custom_margin=&#8220;||0px||false|false&#8220; global_colors_info=&#8220;{}&#8220;][\/et_pb_heading][et_pb_heading _builder_version=&#8220;4.27.5&#8243; _module_preset=&#8220;f67087cf-e8b6-4a27-b1d3-73c63cb27aa7&#8243; global_colors_info=&#8220;{}&#8220;][\/et_pb_heading][\/et_pb_column][et_pb_column type=&#8220;1_2&#8243; _builder_version=&#8220;4.27.4&#8243; _module_preset=&#8220;default&#8220; global_colors_info=&#8220;{}&#8220;][et_pb_text _builder_version=&#8220;4.27.5&#8243; _module_preset=&#8220;b4b62dc9-a434-4181-a0c6-79d0cb69f2ce&#8220; global_colors_info=&#8220;{}&#8220;]<\/p>\n<p>Die Liechtensteinische Stiftung<\/p>\n<p>[\/et_pb_text][\/et_pb_column][et_pb_column type=&#8220;1_4&#8243; _builder_version=&#8220;4.27.4&#8243; _module_preset=&#8220;default&#8220; global_colors_info=&#8220;{}&#8220;][et_pb_button button_text=&#8220;Mehr erfahren&#8220; _builder_version=&#8220;4.27.5&#8243; _module_preset=&#8220;default&#8220; global_colors_info=&#8220;{}&#8220;][\/et_pb_button][\/et_pb_column][\/et_pb_row][et_pb_row column_structure=&#8220;1_4,1_2,1_4&#8243; use_custom_gutter=&#8220;on&#8220; gutter_width=&#8220;2&#8243; _builder_version=&#8220;4.27.4&#8243; _module_preset=&#8220;cbbeacc2-8b71-4267-b3fa-18d088af429b&#8220; custom_margin=&#8220;||30px||false|false&#8220; custom_padding=&#8220;40px|30px|40px|30px|true|true&#8220; border_color_all=&#8220;gcid-beb2c95b-3a59-4769-93ca-ebc39d60c20d&#8220; global_colors_info=&#8220;{%22gcid-beb2c95b-3a59-4769-93ca-ebc39d60c20d%22:%91%22border_color_all%22,%22border_color_all%22%93}&#8220;][et_pb_column type=&#8220;1_4&#8243; _builder_version=&#8220;4.27.4&#8243; _module_preset=&#8220;default&#8220; global_colors_info=&#8220;{}&#8220;][et_pb_heading title=&#8220;Trusts&#8220; _builder_version=&#8220;4.27.4&#8243; _module_preset=&#8220;c2f2d9f8-2dec-48e4-acb1-6f81252b9da1&#8243; custom_margin=&#8220;||0px||false|false&#8220; global_colors_info=&#8220;{}&#8220;][\/et_pb_heading][et_pb_heading _builder_version=&#8220;4.27.5&#8243; _module_preset=&#8220;f67087cf-e8b6-4a27-b1d3-73c63cb27aa7&#8243; global_colors_info=&#8220;{}&#8220;][\/et_pb_heading][\/et_pb_column][et_pb_column type=&#8220;1_2&#8243; _builder_version=&#8220;4.27.4&#8243; _module_preset=&#8220;default&#8220; global_colors_info=&#8220;{}&#8220;][et_pb_text _builder_version=&#8220;4.27.5&#8243; _module_preset=&#8220;b4b62dc9-a434-4181-a0c6-79d0cb69f2ce&#8220; global_colors_info=&#8220;{}&#8220;]<\/p>\n<p>Der Liechtensteinische Trust<\/p>\n<p>[\/et_pb_text][\/et_pb_column][et_pb_column type=&#8220;1_4&#8243; _builder_version=&#8220;4.27.4&#8243; _module_preset=&#8220;default&#8220; global_colors_info=&#8220;{}&#8220;][et_pb_button button_text=&#8220;Mehr erfahren&#8220; _builder_version=&#8220;4.27.5&#8243; _module_preset=&#8220;default&#8220; global_colors_info=&#8220;{}&#8220;][\/et_pb_button][\/et_pb_column][\/et_pb_row][et_pb_row column_structure=&#8220;1_4,1_2,1_4&#8243; use_custom_gutter=&#8220;on&#8220; gutter_width=&#8220;2&#8243; _builder_version=&#8220;4.27.4&#8243; _module_preset=&#8220;cbbeacc2-8b71-4267-b3fa-18d088af429b&#8220; custom_margin=&#8220;||30px||false|false&#8220; custom_padding=&#8220;40px|30px|40px|30px|true|true&#8220; border_color_all=&#8220;gcid-beb2c95b-3a59-4769-93ca-ebc39d60c20d&#8220; global_colors_info=&#8220;{%22gcid-beb2c95b-3a59-4769-93ca-ebc39d60c20d%22:%91%22border_color_all%22,%22border_color_all%22%93}&#8220;][et_pb_column type=&#8220;1_4&#8243; _builder_version=&#8220;4.27.4&#8243; _module_preset=&#8220;default&#8220; global_colors_info=&#8220;{}&#8220;][et_pb_heading title=&#8220;Private-Label-Fonds&#8220; _builder_version=&#8220;4.27.4&#8243; _module_preset=&#8220;c2f2d9f8-2dec-48e4-acb1-6f81252b9da1&#8243; custom_margin=&#8220;||0px||false|false&#8220; global_colors_info=&#8220;{}&#8220;][\/et_pb_heading][et_pb_heading _builder_version=&#8220;4.27.5&#8243; _module_preset=&#8220;f67087cf-e8b6-4a27-b1d3-73c63cb27aa7&#8243; global_colors_info=&#8220;{}&#8220;][\/et_pb_heading][\/et_pb_column][et_pb_column type=&#8220;1_2&#8243; _builder_version=&#8220;4.27.4&#8243; _module_preset=&#8220;default&#8220; global_colors_info=&#8220;{}&#8220;][et_pb_text _builder_version=&#8220;4.27.4&#8243; _module_preset=&#8220;b4b62dc9-a434-4181-a0c6-79d0cb69f2ce&#8220; global_colors_info=&#8220;{}&#8220;]<\/p>\n<p>Die Liechtensteinischen Private-Label-Fonds<\/p>\n<p>[\/et_pb_text][\/et_pb_column][et_pb_column type=&#8220;1_4&#8243; _builder_version=&#8220;4.27.4&#8243; _module_preset=&#8220;default&#8220; global_colors_info=&#8220;{}&#8220;][et_pb_button button_text=&#8220;Mehr erfahren&#8220; _builder_version=&#8220;4.27.5&#8243; _module_preset=&#8220;default&#8220; global_colors_info=&#8220;{}&#8220;][\/et_pb_button][\/et_pb_column][\/et_pb_row][\/et_pb_section]<\/p>\n","protected":false},"excerpt":{"rendered":"<p>Als eine der finanziell stabilsten Jurisdiktionen der Welt vereint Liechtenstein politische Kontinuit\u00e4t, eine konservative Finanzpolitik und eine widerstandsf\u00e4hige Wirtschaft \u2013 und gew\u00e4hrleistet so ein sicheres Zuhause f\u00fcr anspruchsvolle Verm\u00f6gensstrategien.Liechtenstein bietet einige der st\u00e4rksten Rechtsrahmen f\u00fcr die Sicherung globalen Verm\u00f6gens. Seine robusten Trust- und Stiftungsstrukturen bieten langfristigen Schutz, Privatsph\u00e4re und Sicherheit \u00fcber Generationen hinweg.Von Stiftungen \u00fcber [&hellip;]<\/p>\n","protected":false},"author":1,"featured_media":0,"parent":0,"menu_order":0,"comment_status":"closed","ping_status":"closed","template":"","meta":{"_et_pb_use_builder":"on","_et_pb_old_content":"","_et_gb_content_width":"","footnotes":""},"class_list":["post-184","page","type-page","status-publish","hentry"],"_links":{"self":[{"href":"https:\/\/familywealth.li\/de\/wp-json\/wp\/v2\/pages\/184","targetHints":{"allow":["GET"]}}],"collection":[{"href":"https:\/\/familywealth.li\/de\/wp-json\/wp\/v2\/pages"}],"about":[{"href":"https:\/\/familywealth.li\/de\/wp-json\/wp\/v2\/types\/page"}],"author":[{"embeddable":true,"href":"https:\/\/familywealth.li\/de\/wp-json\/wp\/v2\/users\/1"}],"replies":[{"embeddable":true,"href":"https:\/\/familywealth.li\/de\/wp-json\/wp\/v2\/comments?post=184"}],"version-history":[{"count":23,"href":"https:\/\/familywealth.li\/de\/wp-json\/wp\/v2\/pages\/184\/revisions"}],"predecessor-version":[{"id":287,"href":"https:\/\/familywealth.li\/de\/wp-json\/wp\/v2\/pages\/184\/revisions\/287"}],"wp:attachment":[{"href":"https:\/\/familywealth.li\/de\/wp-json\/wp\/v2\/media?parent=184"}],"curies":[{"name":"wp","href":"https:\/\/api.w.org\/{rel}","templated":true}]}}