{"id":222,"date":"2025-12-09T15:44:10","date_gmt":"2025-12-09T15:44:10","guid":{"rendered":"https:\/\/familywealth.li\/impressum\/"},"modified":"2025-12-15T18:41:09","modified_gmt":"2025-12-15T18:41:09","slug":"impressum","status":"publish","type":"page","link":"https:\/\/familywealth.li\/de\/impressum\/","title":{"rendered":"Impressum"},"content":{"rendered":"<p>[et_pb_section fb_built=&#8220;1&#8243; admin_label=&#8220;Header&#8220; _builder_version=&#8220;4.27.4&#8243; _module_preset=&#8220;default&#8220; collapsed=&#8220;on&#8220; global_colors_info=&#8220;{}&#8220; theme_builder_area=&#8220;post_content&#8220;][et_pb_row _builder_version=&#8220;4.27.4&#8243; _module_preset=&#8220;default&#8220; global_colors_info=&#8220;{}&#8220; theme_builder_area=&#8220;post_content&#8220;][et_pb_column type=&#8220;4_4&#8243; _builder_version=&#8220;4.27.4&#8243; _module_preset=&#8220;default&#8220; custom_padding=&#8220;60px||||false|false&#8220; custom_padding_tablet=&#8220;0px||||false|false&#8220; custom_padding_phone=&#8220;0px||||false|false&#8220; custom_padding_last_edited=&#8220;on|tablet&#8220; global_colors_info=&#8220;{}&#8220; theme_builder_area=&#8220;post_content&#8220;][et_pb_heading title=&#8220;Impressum&#8220; _builder_version=&#8220;4.27.4&#8243; _module_preset=&#8220;085aec45-180d-4fdf-8701-78bca8c8cc7b&#8220; global_colors_info=&#8220;{}&#8220; theme_builder_area=&#8220;post_content&#8220;][\/et_pb_heading][et_pb_text _builder_version=&#8220;4.27.5&#8243; _module_preset=&#8220;default&#8220; theme_builder_area=&#8220;post_content&#8220; hover_enabled=&#8220;0&#8243; sticky_enabled=&#8220;0&#8243;]<\/p>\n<h5><strong>Verantwortlich f\u00fcr den Inhalt (Art. 5 ECG<\/strong>)<\/h5>\n<h5><\/h5>\n<h5>Family Wealth Research<br \/>z.Hd. Martin Raab, Herausgeber<\/h5>\n<h5>E-Mail: office[at]familywealth.li<\/h5>\n<h5>Telefon: +423 788 0979<\/h5>\n<p>[\/et_pb_text][et_pb_text _builder_version=&#8220;4.27.5&#8243; _module_preset=&#8220;default&#8220; theme_builder_area=&#8220;post_content&#8220; hover_enabled=&#8220;0&#8243; sticky_enabled=&#8220;0&#8243; custom_margin=&#8220;||57px|||&#8220;]<\/p>\n<h6><strong>Personen, die auf die von familywealth.li und The Liechtenstein Family Wealth Guide (im Folgenden FWFL genannt) im World Wide Web ver\u00f6ffentlichten Informationen zugreifen, erkl\u00e4ren sich mit den folgenden Nutzungsbedingungen einverstanden:<\/strong><\/h6>\n<ul>\n<li>\n<h6>Die auf den FWFL-Websites ver\u00f6ffentlichten Informationen stellen weder eine Aufforderung noch ein Angebot oder eine Empfehlung dar, eines der von uns angebotenen Produkte zu erwerben oder eine unserer Dienstleistungen in Anspruch zu nehmen. Die ver\u00f6ffentlichten Informationen ersetzen keine Beratung durch unsere Berater.<\/h6>\n<\/li>\n<li>\n<h6>Die Inhalte der FWFL-Websites sind nicht f\u00fcr Personen bestimmt, die sich in einer Gerichtsbarkeit befinden, die die Ver\u00f6ffentlichung von oder den Zugriff auf die FWFL-Websites aus irgendeinem Grund verbietet. Daher ist es Personen, die solchen gesetzlichen Beschr\u00e4nkungen unterliegen, nicht gestattet, auf die ver\u00f6ffentlichten Informationen zuzugreifen.<\/h6>\n<\/li>\n<li>\n<h6>FWFL hat bei der Zusammenstellung der hier ver\u00f6ffentlichten Informationen gr\u00f6sste Sorgfalt walten lassen. Dennoch \u00fcbernimmt FWFL keine Garantie daf\u00fcr, dass die auf den Websites bereitgestellten Informationen vollst\u00e4ndig, aktuell oder korrekt sind. Die Inhalte der Websites k\u00f6nnen jederzeit ohne vorherige Ank\u00fcndigung ge\u00e4ndert werden. Die auf den Websites zur Verf\u00fcgung gestellten Informationen stellen weder ein verbindliches Angebot dar, noch ersetzen sie die Beratung durch unsere hochqualifizierten Mitarbeiter.<\/h6>\n<\/li>\n<li>\n<h6>Unter keinen Umst\u00e4nden haftet FWFL f\u00fcr Verluste oder Sch\u00e4den jeglicher Art, einschliesslich direkter, indirekter oder Folgesch\u00e4den, die aus oder im Zusammenhang mit dem Zugriff auf, der Abfrage oder der Nutzung der FWFL-Websites oder der Nutzung von Links auf den FWFL-Websites zu Websites Dritter entstanden sind. Dies gilt auch im Falle von Fahrl\u00e4ssigkeit ihrerseits.<\/h6>\n<\/li>\n<li>\n<h6>Alle Inhalte der Websites, einschliesslich der zum Herunterladen angebotenen Informationen, sind urheberrechtlich gesch\u00fctzt. Alle Rechte sind vorbehalten. Ohne die vorherige schriftliche Zustimmung von FWFL d\u00fcrfen die Inhalte der Websites weder ganz noch teilweise reproduziert, \u00fcber elektronische oder andere Mittel \u00fcbertragen, ver\u00e4ndert oder f\u00fcr \u00f6ffentliche oder kommerzielle Zwecke genutzt werden.<\/h6>\n<\/li>\n<li>\n<h6>FWFL \u00fcbernimmt keine Verantwortung f\u00fcr die Inhalte oder Angebote auf externen Websites, auf die \u00fcber Links zugegriffen wird oder die auf den FWFL-Websites erw\u00e4hnt werden.<\/h6>\n<\/li>\n<li>\n<h6>Alle Informationen, die von Internet-Websites abgerufen werden, werden \u00fcber ein \u00f6ffentlich zug\u00e4ngliches Netzwerk \u00fcbertragen. Daher k\u00f6nnen alle \u00fcber das Internet \u00fcbertragenen Daten von unbefugten Dritten \u00fcberwacht werden. Dar\u00fcber hinaus k\u00f6nnen die Daten \u00fcber einen Datenpfad \u00fcbertragen werden, der sie \u00fcber nationale Grenzen hinausf\u00fchrt, selbst wenn sich sowohl der Lieferant als auch der Empf\u00e4nger der Daten im selben Land befinden. FWFL \u00fcbernimmt keinerlei Verantwortung oder Haftung f\u00fcr die Sicherheit der Daten der Person, die auf die FWFL-Websites zugreift.<\/h6>\n<\/li>\n<\/ul>\n<p>[\/et_pb_text][\/et_pb_column][\/et_pb_row][\/et_pb_section]<\/p>\n","protected":false},"excerpt":{"rendered":"<p>Verantwortlich f\u00fcr den Inhalt (Art. 5 ECG) Family Wealth Researchz.Hd. Martin Raab, Herausgeber E-Mail: office[at]familywealth.li Telefon: +423 788 0979Personen, die auf die von familywealth.li und The Liechtenstein Family Wealth Guide (im Folgenden FWFL genannt) im World Wide Web ver\u00f6ffentlichten Informationen zugreifen, erkl\u00e4ren sich mit den folgenden Nutzungsbedingungen einverstanden: Die auf den FWFL-Websites ver\u00f6ffentlichten Informationen stellen [&hellip;]<\/p>\n","protected":false},"author":1,"featured_media":0,"parent":0,"menu_order":0,"comment_status":"closed","ping_status":"closed","template":"","meta":{"_et_pb_use_builder":"on","_et_pb_old_content":"","_et_gb_content_width":"","footnotes":""},"class_list":["post-222","page","type-page","status-publish","hentry"],"_links":{"self":[{"href":"https:\/\/familywealth.li\/de\/wp-json\/wp\/v2\/pages\/222","targetHints":{"allow":["GET"]}}],"collection":[{"href":"https:\/\/familywealth.li\/de\/wp-json\/wp\/v2\/pages"}],"about":[{"href":"https:\/\/familywealth.li\/de\/wp-json\/wp\/v2\/types\/page"}],"author":[{"embeddable":true,"href":"https:\/\/familywealth.li\/de\/wp-json\/wp\/v2\/users\/1"}],"replies":[{"embeddable":true,"href":"https:\/\/familywealth.li\/de\/wp-json\/wp\/v2\/comments?post=222"}],"version-history":[{"count":2,"href":"https:\/\/familywealth.li\/de\/wp-json\/wp\/v2\/pages\/222\/revisions"}],"predecessor-version":[{"id":224,"href":"https:\/\/familywealth.li\/de\/wp-json\/wp\/v2\/pages\/222\/revisions\/224"}],"wp:attachment":[{"href":"https:\/\/familywealth.li\/de\/wp-json\/wp\/v2\/media?parent=222"}],"curies":[{"name":"wp","href":"https:\/\/api.w.org\/{rel}","templated":true}]}}